{"id":695,"date":"2020-05-06T10:11:35","date_gmt":"2020-05-06T10:11:35","guid":{"rendered":"http:\/\/www.mbgarquitectura.es\/?page_id=695"},"modified":"2020-05-06T10:19:14","modified_gmt":"2020-05-06T10:19:14","slug":"politica-de-privacidad","status":"publish","type":"page","link":"http:\/\/www.mbgarquitectura.es\/?page_id=695","title":{"rendered":"POLITICA DE PRIVACIDAD"},"content":{"rendered":"\n<p>La direcci\u00f3n de nuestra web es: https:\/\/www.mbgarquietctura.es<\/p>\n\n\n\n<p><strong>\u00bfQue hacemos con tus datos?<\/strong><\/p>\n\n\n\n<p><strong>Responsables:<\/strong>\u00a0Los creadores de todo esto.<br><strong>Finalidad:<\/strong>\u00a0Responder a tus consultas y limitar el uso de tus datos a aquello que nos has solicitado.<br><strong>Legitimidad:<\/strong>\u00a0Obtener tu consentimiento.<br><strong>Destinatario:<\/strong>\u00a0Tus datos est\u00e1n gestionados a trav\u00e9s de servicios de mail .<br><strong>Derechos:<\/strong>\u00a0Tus datos son eso, tuyos. Por eso tienes todo el derecho a modificarlos o eliminarlos. As\u00ed como darte de baja de las newsletter o solicitarnos que dejemos de hacer uso de ellos.<\/p>\n\n\n\n<p class=\"has-text-align-left\">A los efectos del cumplimiento del Reglamento General de Protecci\u00f3n de Datos (RGPD), se establece la siguiente informaci\u00f3n:<\/p>\n\n\n\n<figure class=\"wp-block-table is-style-stripes\"><table><tbody><tr><td>Responsable Tratamiento<\/td><td class=\"has-text-align-left\" data-align=\"left\"><strong>MBG Nueva Arquitectura<\/strong>, con domicilio en Avenida M-40, 23 Loc. 68 | 28925 ALCORC\u00d3N &#8211; (MADRID)<\/td><\/tr><tr><td>Finalidad<\/td><td class=\"has-text-align-left\" data-align=\"left\">Se trata la informaci\u00f3n que nos facilitan las personas interesadas con el fin de gestionar el env\u00edo de la informaci\u00f3n que nos soliciten, facilitar al interesado ofertas de productos y servicios de su inter\u00e9s y mejorar su experiencia de usuario, pudiendo elaborarse, de ser necesario, un perfil comercial, en base a la informaci\u00f3n facilitada. No se tomar\u00e1n decisiones automatizadas en base a dicho perfil.Los datos personales proporcionados se conservar\u00e1n mientras se mantenga la relaci\u00f3n mercantil, y no se solicite su supresi\u00f3n por el interesado.<\/td><\/tr><tr><td>Legitimaci\u00f3n<\/td><td class=\"has-text-align-left\" data-align=\"left\">Se solicita el consentimiento del interesado para el tratamiento de sus datos y la oferta prospectiva de productos y servicios.<\/td><\/tr><tr><td>Destinatarios<\/td><td class=\"has-text-align-left\" data-align=\"left\">Los datos personales no se ceder\u00e1n a terceros, salvo en su caso, otras empresas de grupo para fines administrativos internos.<\/td><\/tr><tr><td>Derechos<\/td><td class=\"has-text-align-left\" data-align=\"left\">Las personas interesadas tienen derecho a acceder a sus datos personales, as\u00ed como a solicitar la rectificaci\u00f3n de los datos inexactos o, en su caso, solicitar su supresi\u00f3n cuando, los datos ya no sean necesarios para los fines que fueron recogidos. Tambi\u00e9n los interesados en determinadas circunstancias podr\u00e1n oponerse al tratamiento de sus datos.Tambi\u00e9n tendr\u00e1 derecho a retirar el consentimiento prestado y a reclamar ante la Autoridad de Control.Para ejercer sus derechos deber\u00e1 ponerse en contacto con el Responsable en la direcci\u00f3n que aparece en el primer recuadro, acompa\u00f1ado de copia documento de identidad del interesado.<\/td><\/tr><\/tbody><\/table><\/figure>\n\n\n\n<p>El copyright del dise\u00f1o y la creaci\u00f3n de la web corresponde a MBG NUEVA ARQUITECTURA<\/p>\n","protected":false},"excerpt":{"rendered":"<p>La direcci\u00f3n de nuestra web es: https:\/\/www.mbgarquietctura.es \u00bfQue hacemos con tus datos? Responsables:\u00a0Los creadores de todo esto.Finalidad:\u00a0Responder a tus consultas y limitar el uso de tus datos a aquello que nos has solicitado.Legitimidad:\u00a0Obtener tu consentimiento.Destinatario:\u00a0Tus datos est\u00e1n gestionados a trav\u00e9s de servicios de mail .Derechos:\u00a0Tus datos son eso, tuyos. Por eso tienes todo el derecho&#8230; <span class=\"more\"><a class=\"more-link\" href=\"http:\/\/www.mbgarquitectura.es\/?page_id=695\">Read More<\/a><\/span><\/p>\n","protected":false},"author":1,"featured_media":0,"parent":0,"menu_order":0,"comment_status":"closed","ping_status":"closed","template":"","meta":{"footnotes":"","_vp_format_video_url":"","_vp_image_focal_point":[]},"_links":{"self":[{"href":"http:\/\/www.mbgarquitectura.es\/index.php?rest_route=\/wp\/v2\/pages\/695"}],"collection":[{"href":"http:\/\/www.mbgarquitectura.es\/index.php?rest_route=\/wp\/v2\/pages"}],"about":[{"href":"http:\/\/www.mbgarquitectura.es\/index.php?rest_route=\/wp\/v2\/types\/page"}],"author":[{"embeddable":true,"href":"http:\/\/www.mbgarquitectura.es\/index.php?rest_route=\/wp\/v2\/users\/1"}],"replies":[{"embeddable":true,"href":"http:\/\/www.mbgarquitectura.es\/index.php?rest_route=%2Fwp%2Fv2%2Fcomments&post=695"}],"version-history":[{"count":4,"href":"http:\/\/www.mbgarquitectura.es\/index.php?rest_route=\/wp\/v2\/pages\/695\/revisions"}],"predecessor-version":[{"id":701,"href":"http:\/\/www.mbgarquitectura.es\/index.php?rest_route=\/wp\/v2\/pages\/695\/revisions\/701"}],"wp:attachment":[{"href":"http:\/\/www.mbgarquitectura.es\/index.php?rest_route=%2Fwp%2Fv2%2Fmedia&parent=695"}],"curies":[{"name":"wp","href":"https:\/\/api.w.org\/{rel}","templated":true}]}}